{"id":11232,"date":"2025-04-09T12:23:13","date_gmt":"2025-04-09T10:23:13","guid":{"rendered":"https:\/\/shop.ektetreningsglede.no\/fonixbrumunddal\/?post_type=product&#038;p=11232"},"modified":"2026-03-12T13:13:40","modified_gmt":"2026-03-12T12:13:40","slug":"qnt-sport-water","status":"publish","type":"product","link":"https:\/\/shop.ektetreningsglede.no\/fonixbrumunddal\/produkt\/qnt-sport-water\/","title":{"rendered":"QNT Sport Water"},"content":{"rendered":"","protected":false},"excerpt":{"rendered":"<p><strong>OBS!<\/strong>\u00a0<em>Vi sender\u00a0<strong>IKKE<\/strong>\u00a0varer i posten<\/em>, dette er en lokal nettkiosk for F\u00f8nix treningssenter i Brumunddal.<\/p>\n<p>Sport Water er et naturlig drikkevann hvis mineralsammensetning gj\u00f8r det til en enkel og behagelig st\u00f8ttespiller i din daglige rutine. Den praktiske flasken med sportshette gj\u00f8r den spesielt godt egnet til en dynamisk livsstil \u2013 p\u00e5 treningssenteret, p\u00e5 kontoret, p\u00e5 farten eller under en trenings\u00f8kt.<\/p>\n","protected":false},"featured_media":11233,"template":"","meta":[],"product_cat":[16],"product_tag":[17],"_links":{"self":[{"href":"https:\/\/shop.ektetreningsglede.no\/fonixbrumunddal\/wp-json\/wp\/v2\/product\/11232"}],"collection":[{"href":"https:\/\/shop.ektetreningsglede.no\/fonixbrumunddal\/wp-json\/wp\/v2\/product"}],"about":[{"href":"https:\/\/shop.ektetreningsglede.no\/fonixbrumunddal\/wp-json\/wp\/v2\/types\/product"}],"wp:featuredmedia":[{"embeddable":true,"href":"https:\/\/shop.ektetreningsglede.no\/fonixbrumunddal\/wp-json\/wp\/v2\/media\/11233"}],"wp:attachment":[{"href":"https:\/\/shop.ektetreningsglede.no\/fonixbrumunddal\/wp-json\/wp\/v2\/media?parent=11232"}],"wp:term":[{"taxonomy":"product_cat","embeddable":true,"href":"https:\/\/shop.ektetreningsglede.no\/fonixbrumunddal\/wp-json\/wp\/v2\/product_cat?post=11232"},{"taxonomy":"product_tag","embeddable":true,"href":"https:\/\/shop.ektetreningsglede.no\/fonixbrumunddal\/wp-json\/wp\/v2\/product_tag?post=11232"}],"curies":[{"name":"wp","href":"https:\/\/api.w.org\/{rel}","templated":true}]}}