{"id":12523,"date":"2026-03-12T10:34:01","date_gmt":"2026-03-12T09:34:01","guid":{"rendered":"https:\/\/shop.ektetreningsglede.no\/fonixbrumunddal\/?post_type=product&#038;p=12523"},"modified":"2026-03-12T13:12:50","modified_gmt":"2026-03-12T12:12:50","slug":"nocco-limon-del-sol","status":"publish","type":"product","link":"https:\/\/shop.ektetreningsglede.no\/fonixbrumunddal\/produkt\/nocco-limon-del-sol\/","title":{"rendered":"Nocco Limon del Sol"},"content":{"rendered":"","protected":false},"excerpt":{"rendered":"<p><strong>OBS!<\/strong>\u00a0<em>Vi sender\u00a0<strong>IKKE<\/strong>\u00a0varer i posten<\/em>, dette er en lokal nettkiosk for F\u00f8nix treningssenter i Brumunddal.<\/p>\n<p>Nocco er en t\u00f8rsteslukker som har tatt fitnessbransjen med storm. Dette er en lett kullsyret drikke i gode, fruktige smaker som er en fryd \u00e5 drikke n\u00e5r som helst p\u00e5 dagen. Innholdet passer de med en aktiv livsstil, og b\u00e5de til hverdag og trening!<\/p>\n","protected":false},"featured_media":12524,"template":"","meta":[],"product_cat":[16],"product_tag":[132,18],"_links":{"self":[{"href":"https:\/\/shop.ektetreningsglede.no\/fonixbrumunddal\/wp-json\/wp\/v2\/product\/12523"}],"collection":[{"href":"https:\/\/shop.ektetreningsglede.no\/fonixbrumunddal\/wp-json\/wp\/v2\/product"}],"about":[{"href":"https:\/\/shop.ektetreningsglede.no\/fonixbrumunddal\/wp-json\/wp\/v2\/types\/product"}],"wp:featuredmedia":[{"embeddable":true,"href":"https:\/\/shop.ektetreningsglede.no\/fonixbrumunddal\/wp-json\/wp\/v2\/media\/12524"}],"wp:attachment":[{"href":"https:\/\/shop.ektetreningsglede.no\/fonixbrumunddal\/wp-json\/wp\/v2\/media?parent=12523"}],"wp:term":[{"taxonomy":"product_cat","embeddable":true,"href":"https:\/\/shop.ektetreningsglede.no\/fonixbrumunddal\/wp-json\/wp\/v2\/product_cat?post=12523"},{"taxonomy":"product_tag","embeddable":true,"href":"https:\/\/shop.ektetreningsglede.no\/fonixbrumunddal\/wp-json\/wp\/v2\/product_tag?post=12523"}],"curies":[{"name":"wp","href":"https:\/\/api.w.org\/{rel}","templated":true}]}}