{"id":12610,"date":"2026-03-26T11:59:18","date_gmt":"2026-03-26T10:59:18","guid":{"rendered":"https:\/\/shop.ektetreningsglede.no\/fonixbrumunddal\/?post_type=product&#038;p=12610"},"modified":"2026-03-26T11:59:53","modified_gmt":"2026-03-26T10:59:53","slug":"yt-proteinshake-sjokolade-uten","status":"publish","type":"product","link":"https:\/\/shop.ektetreningsglede.no\/fonixbrumunddal\/produkt\/yt-proteinshake-sjokolade-uten\/","title":{"rendered":"YT Proteinshake Sjokolade UTEN"},"content":{"rendered":"","protected":false},"excerpt":{"rendered":"<p><strong>OBS!<\/strong>\u00a0<em>Vi sender <strong>IKKE<\/strong> varer i posten<\/em>, dette er en lokal nettkiosk for F\u00f8nix treningssenter i Brumunddal.<\/p>\n<p>YT\u00ae Proteinshake UTEN, med smak av Sjokolade er en luftig drikk rik p\u00e5 proteiner. Den er laktosefri og uten tilsatt sukker, men med et naturlig innhold av sukker fra melk. Inneholder s\u00f8tstoffer.<br \/>\nYT\u00ae Proteinshake f\u00e5r du n\u00e5 p\u00e5 kartong med 70 % mindre plast enn i v\u00e5r forrige emballasje.<\/p>\n","protected":false},"featured_media":12611,"template":"","meta":[],"product_cat":[16,25],"product_tag":[57,158,53],"_links":{"self":[{"href":"https:\/\/shop.ektetreningsglede.no\/fonixbrumunddal\/wp-json\/wp\/v2\/product\/12610"}],"collection":[{"href":"https:\/\/shop.ektetreningsglede.no\/fonixbrumunddal\/wp-json\/wp\/v2\/product"}],"about":[{"href":"https:\/\/shop.ektetreningsglede.no\/fonixbrumunddal\/wp-json\/wp\/v2\/types\/product"}],"wp:featuredmedia":[{"embeddable":true,"href":"https:\/\/shop.ektetreningsglede.no\/fonixbrumunddal\/wp-json\/wp\/v2\/media\/12611"}],"wp:attachment":[{"href":"https:\/\/shop.ektetreningsglede.no\/fonixbrumunddal\/wp-json\/wp\/v2\/media?parent=12610"}],"wp:term":[{"taxonomy":"product_cat","embeddable":true,"href":"https:\/\/shop.ektetreningsglede.no\/fonixbrumunddal\/wp-json\/wp\/v2\/product_cat?post=12610"},{"taxonomy":"product_tag","embeddable":true,"href":"https:\/\/shop.ektetreningsglede.no\/fonixbrumunddal\/wp-json\/wp\/v2\/product_tag?post=12610"}],"curies":[{"name":"wp","href":"https:\/\/api.w.org\/{rel}","templated":true}]}}