{"id":20,"date":"2022-01-10T14:19:34","date_gmt":"2022-01-10T13:19:34","guid":{"rendered":"http:\/\/shop.ektetreningsglede.no\/fonixbrumunddal\/?post_type=product&#038;p=20"},"modified":"2026-03-12T10:41:28","modified_gmt":"2026-03-12T09:41:28","slug":"qnt-l-carnitine-orange","status":"publish","type":"product","link":"https:\/\/shop.ektetreningsglede.no\/fonixbrumunddal\/produkt\/qnt-l-carnitine-orange\/","title":{"rendered":"QNT L-Carnitine &#8211; Orange"},"content":{"rendered":"","protected":false},"excerpt":{"rendered":"<p><strong>OBS!<\/strong>\u00a0<em>Vi sender <strong>IKKE<\/strong> varer i posten<\/em>, dette er en lokal nettkiosk for F\u00f8nix treningssenter i Brumunddal.<\/p>\n<p>L-Carnitine 2000 er en velsmakende t\u00f8rstedrikk for den som trener. Drikken inneholder ikke kalorier, s\u00e5 er ogs\u00e5 ypperlig for deg som har fokus p\u00e5 et kaloribevisst kosthold. Drikken kan kompensere for tap av v\u00e6ske i form av eksempelvis svette ved intensiv trening og kan da bidra til fysisk og metal ytelse. Spesielt hos idrettsut\u00f8vere kan drikken kompensere for tap av v\u00e6ske for\u00e5rsaket av svette og \u00f8kt kroppstemperatur. Dermed kan drikken bidra til \u00e5 ivareta fysisk og mental ytelse.<\/p>\n","protected":false},"featured_media":5294,"template":"","meta":[],"product_cat":[16],"product_tag":[20],"_links":{"self":[{"href":"https:\/\/shop.ektetreningsglede.no\/fonixbrumunddal\/wp-json\/wp\/v2\/product\/20"}],"collection":[{"href":"https:\/\/shop.ektetreningsglede.no\/fonixbrumunddal\/wp-json\/wp\/v2\/product"}],"about":[{"href":"https:\/\/shop.ektetreningsglede.no\/fonixbrumunddal\/wp-json\/wp\/v2\/types\/product"}],"wp:featuredmedia":[{"embeddable":true,"href":"https:\/\/shop.ektetreningsglede.no\/fonixbrumunddal\/wp-json\/wp\/v2\/media\/5294"}],"wp:attachment":[{"href":"https:\/\/shop.ektetreningsglede.no\/fonixbrumunddal\/wp-json\/wp\/v2\/media?parent=20"}],"wp:term":[{"taxonomy":"product_cat","embeddable":true,"href":"https:\/\/shop.ektetreningsglede.no\/fonixbrumunddal\/wp-json\/wp\/v2\/product_cat?post=20"},{"taxonomy":"product_tag","embeddable":true,"href":"https:\/\/shop.ektetreningsglede.no\/fonixbrumunddal\/wp-json\/wp\/v2\/product_tag?post=20"}],"curies":[{"name":"wp","href":"https:\/\/api.w.org\/{rel}","templated":true}]}}