{"id":24,"date":"2022-01-10T14:19:34","date_gmt":"2022-01-10T13:19:34","guid":{"rendered":"http:\/\/shop.ektetreningsglede.no\/fonixbrumunddal\/?post_type=product&#038;p=24"},"modified":"2026-03-12T13:19:38","modified_gmt":"2026-03-12T12:19:38","slug":"yt-sportsdrikk-sitrus","status":"publish","type":"product","link":"https:\/\/shop.ektetreningsglede.no\/fonixbrumunddal\/produkt\/yt-sportsdrikk-sitrus\/","title":{"rendered":"YT Sportsdrikk Sitron"},"content":{"rendered":"","protected":false},"excerpt":{"rendered":"<p><strong>OBS!<\/strong>\u00a0<em>Vi sender <strong>IKKE<\/strong> varer i posten<\/em>, dette er en lokal nettkiosk for F\u00f8nix treningssenter i Brumunddal.<\/p>\n<p>YT\u00ae Sportsdrikk er en blanding av vann, karbohydrater og elektrolytter som hjelper deg \u00e5 opprettholde intensiteten p\u00e5 trenings\u00f8kten. V\u00e6sken rehydrerer, karbohydratene gir n\u00e6ring til musklene, mens elektrolyttene bidrar til \u00e5 gjenopprette v\u00e6skebalansen. Den gode kombinasjonen av karbohydrater og salter bidrar i tillegg til at v\u00e6sken raskere tas opp i kroppen. YT\u00ae Sportsdrikk kommer i friske smaker som er lette \u00e5 drikke.<\/p>\n","protected":false},"featured_media":54,"template":"","meta":[],"product_cat":[16],"product_tag":[23],"_links":{"self":[{"href":"https:\/\/shop.ektetreningsglede.no\/fonixbrumunddal\/wp-json\/wp\/v2\/product\/24"}],"collection":[{"href":"https:\/\/shop.ektetreningsglede.no\/fonixbrumunddal\/wp-json\/wp\/v2\/product"}],"about":[{"href":"https:\/\/shop.ektetreningsglede.no\/fonixbrumunddal\/wp-json\/wp\/v2\/types\/product"}],"wp:featuredmedia":[{"embeddable":true,"href":"https:\/\/shop.ektetreningsglede.no\/fonixbrumunddal\/wp-json\/wp\/v2\/media\/54"}],"wp:attachment":[{"href":"https:\/\/shop.ektetreningsglede.no\/fonixbrumunddal\/wp-json\/wp\/v2\/media?parent=24"}],"wp:term":[{"taxonomy":"product_cat","embeddable":true,"href":"https:\/\/shop.ektetreningsglede.no\/fonixbrumunddal\/wp-json\/wp\/v2\/product_cat?post=24"},{"taxonomy":"product_tag","embeddable":true,"href":"https:\/\/shop.ektetreningsglede.no\/fonixbrumunddal\/wp-json\/wp\/v2\/product_tag?post=24"}],"curies":[{"name":"wp","href":"https:\/\/api.w.org\/{rel}","templated":true}]}}