{"id":252,"date":"2022-03-03T15:13:47","date_gmt":"2022-03-03T14:13:47","guid":{"rendered":"https:\/\/shop.ektetreningsglede.no\/fonixbrumunddal\/?post_type=product&#038;p=252"},"modified":"2026-03-12T13:09:31","modified_gmt":"2026-03-12T12:09:31","slug":"barebells-soft-caramel","status":"publish","type":"product","link":"https:\/\/shop.ektetreningsglede.no\/fonixbrumunddal\/produkt\/barebells-soft-caramel\/","title":{"rendered":"Barebells Soft Caramel"},"content":{"rendered":"","protected":false},"excerpt":{"rendered":"<p><strong>OBS!<\/strong>\u00a0<em>Vi sender <strong>IKKE<\/strong> varer i posten<\/em>, dette er en lokal nettkiosk for F\u00f8nix treningssenter i Brumunddal.<\/p>\n<p>Velkommen til Barebells-verdenen! Vi tilbyr et bredt utvalg av deilige proteinbarer, milkshakes og drikkbare m\u00e5ltider \u2013 smakfulle alternativer til snacks, godbiter eller n\u00e6ring p\u00e5 farten. Livet er for kort til \u00e5 ikke nyte de sm\u00e5 tingene. Hele sortimentet er laget for \u00e5 imponere smaksl\u00f8kene dine, med h\u00f8yt proteininnhold og uten tilsatt sukker.<\/p>\n","protected":false},"featured_media":247,"template":"","meta":[],"product_cat":[27],"product_tag":[29,62],"_links":{"self":[{"href":"https:\/\/shop.ektetreningsglede.no\/fonixbrumunddal\/wp-json\/wp\/v2\/product\/252"}],"collection":[{"href":"https:\/\/shop.ektetreningsglede.no\/fonixbrumunddal\/wp-json\/wp\/v2\/product"}],"about":[{"href":"https:\/\/shop.ektetreningsglede.no\/fonixbrumunddal\/wp-json\/wp\/v2\/types\/product"}],"wp:featuredmedia":[{"embeddable":true,"href":"https:\/\/shop.ektetreningsglede.no\/fonixbrumunddal\/wp-json\/wp\/v2\/media\/247"}],"wp:attachment":[{"href":"https:\/\/shop.ektetreningsglede.no\/fonixbrumunddal\/wp-json\/wp\/v2\/media?parent=252"}],"wp:term":[{"taxonomy":"product_cat","embeddable":true,"href":"https:\/\/shop.ektetreningsglede.no\/fonixbrumunddal\/wp-json\/wp\/v2\/product_cat?post=252"},{"taxonomy":"product_tag","embeddable":true,"href":"https:\/\/shop.ektetreningsglede.no\/fonixbrumunddal\/wp-json\/wp\/v2\/product_tag?post=252"}],"curies":[{"name":"wp","href":"https:\/\/api.w.org\/{rel}","templated":true}]}}