{"id":38,"date":"2022-01-10T14:19:36","date_gmt":"2022-01-10T13:19:36","guid":{"rendered":"http:\/\/shop.ektetreningsglede.no\/fonixbrumunddal\/?post_type=product&#038;p=38"},"modified":"2026-03-12T13:20:36","modified_gmt":"2026-03-12T12:20:36","slug":"yt-sjokolade-og-peanott","status":"publish","type":"product","link":"https:\/\/shop.ektetreningsglede.no\/fonixbrumunddal\/produkt\/yt-sjokolade-og-peanott\/","title":{"rendered":"YT restitusjonsbar Pean\u00f8tt"},"content":{"rendered":"","protected":false},"excerpt":{"rendered":"<p><strong>OBS!<\/strong>\u00a0<em>Vi sender <strong>IKKE<\/strong> varer i posten<\/em>, dette er en lokal nettkiosk for F\u00f8nix treningssenter i Brumunddal.<\/p>\n<p>YT\u00aes proteinrike restitusjonsbar passer godt som et p\u00e5fyll etter trening og konkurranser. Den egner seg godt som et restitusjonsm\u00e5ltid i kombinasjon med v\u00e6skep\u00e5fyll etter trening. Sammen med trening og et sunt kosthold bidrar proteiner til \u00e5 bygge og bevare musklene.<\/p>\n","protected":false},"featured_media":7848,"template":"","meta":[],"product_cat":[27],"product_tag":[23],"_links":{"self":[{"href":"https:\/\/shop.ektetreningsglede.no\/fonixbrumunddal\/wp-json\/wp\/v2\/product\/38"}],"collection":[{"href":"https:\/\/shop.ektetreningsglede.no\/fonixbrumunddal\/wp-json\/wp\/v2\/product"}],"about":[{"href":"https:\/\/shop.ektetreningsglede.no\/fonixbrumunddal\/wp-json\/wp\/v2\/types\/product"}],"wp:featuredmedia":[{"embeddable":true,"href":"https:\/\/shop.ektetreningsglede.no\/fonixbrumunddal\/wp-json\/wp\/v2\/media\/7848"}],"wp:attachment":[{"href":"https:\/\/shop.ektetreningsglede.no\/fonixbrumunddal\/wp-json\/wp\/v2\/media?parent=38"}],"wp:term":[{"taxonomy":"product_cat","embeddable":true,"href":"https:\/\/shop.ektetreningsglede.no\/fonixbrumunddal\/wp-json\/wp\/v2\/product_cat?post=38"},{"taxonomy":"product_tag","embeddable":true,"href":"https:\/\/shop.ektetreningsglede.no\/fonixbrumunddal\/wp-json\/wp\/v2\/product_tag?post=38"}],"curies":[{"name":"wp","href":"https:\/\/api.w.org\/{rel}","templated":true}]}}