{"id":8483,"date":"2024-04-04T15:11:57","date_gmt":"2024-04-04T13:11:57","guid":{"rendered":"https:\/\/shop.ektetreningsglede.no\/fonixbrumunddal\/?post_type=product&#038;p=8483"},"modified":"2026-03-12T13:16:26","modified_gmt":"2026-03-12T12:16:26","slug":"yt-proteinbar-salt-karamell","status":"publish","type":"product","link":"https:\/\/shop.ektetreningsglede.no\/fonixbrumunddal\/produkt\/yt-proteinbar-salt-karamell\/","title":{"rendered":"Yt Proteinbar Salt Karamell"},"content":{"rendered":"","protected":false},"excerpt":{"rendered":"<p><strong>OBS!<\/strong>\u00a0<em>Vi sender\u00a0<strong>IKKE<\/strong>\u00a0varer i posten<\/em>, dette er en lokal nettkiosk for F\u00f8nix treningssenter i Brumunddal.<\/p>\n<p>YT\u00ae Proteinbar Salt karamell innfrir p\u00e5 behovet til dem som \u00f8nsker et proteinrikt, lite mellomm\u00e5ltid og med herlig smak av karamell, salt og melkesjokolade. Baren har 136 kcal pr. bar og har h\u00f8yt proteininnhold (20 g pr. bar). Baren er uten tilsatt sukker, men med et naturlig<br \/>\ninnhold av sukker fra r\u00e5varene. Inneholder s\u00f8tstoffer.<\/p>\n","protected":false},"featured_media":8484,"template":"","meta":[],"product_cat":[27],"product_tag":[102,103],"_links":{"self":[{"href":"https:\/\/shop.ektetreningsglede.no\/fonixbrumunddal\/wp-json\/wp\/v2\/product\/8483"}],"collection":[{"href":"https:\/\/shop.ektetreningsglede.no\/fonixbrumunddal\/wp-json\/wp\/v2\/product"}],"about":[{"href":"https:\/\/shop.ektetreningsglede.no\/fonixbrumunddal\/wp-json\/wp\/v2\/types\/product"}],"wp:featuredmedia":[{"embeddable":true,"href":"https:\/\/shop.ektetreningsglede.no\/fonixbrumunddal\/wp-json\/wp\/v2\/media\/8484"}],"wp:attachment":[{"href":"https:\/\/shop.ektetreningsglede.no\/fonixbrumunddal\/wp-json\/wp\/v2\/media?parent=8483"}],"wp:term":[{"taxonomy":"product_cat","embeddable":true,"href":"https:\/\/shop.ektetreningsglede.no\/fonixbrumunddal\/wp-json\/wp\/v2\/product_cat?post=8483"},{"taxonomy":"product_tag","embeddable":true,"href":"https:\/\/shop.ektetreningsglede.no\/fonixbrumunddal\/wp-json\/wp\/v2\/product_tag?post=8483"}],"curies":[{"name":"wp","href":"https:\/\/api.w.org\/{rel}","templated":true}]}}