{"id":1359,"date":"2023-02-20T08:16:18","date_gmt":"2023-02-20T07:16:18","guid":{"rendered":"https:\/\/shop.ektetreningsglede.no\/fonixccstadion\/?post_type=product&#038;p=1359"},"modified":"2023-02-20T08:19:02","modified_gmt":"2023-02-20T07:19:02","slug":"barnepass-pr-time","status":"publish","type":"product","link":"https:\/\/shop.ektetreningsglede.no\/fonixccstadion\/produkt\/barnepass-pr-time\/","title":{"rendered":"Barnepass pr time"},"content":{"rendered":"<p>F\u00f8nix CC Stadion tilbyr barnepass i eget mini-lekeland.<\/p>\n<p>Barneparken er bemannet hvor du trygt kan plassere de minste mens du bes\u00f8ker oss. Her f\u00e5r barna boltret seg med fysisk aktivitet, eller ha en stille og rolig stund hvis det f\u00f8les best.<\/p>\n<p>Vi har ogs\u00e5 mulighet til \u00e5 ta med barna ut p\u00e5 lekeplassen p\u00e5 CC taket om v\u00e6r og omstendighetene tilsier det.<\/p>\n<p>For kj\u00f8pesenter-kunder kan barna v\u00e6re fra 3 til 8 \u00e5r. Pris: 50,-\/ time pr barn.<\/p>\n","protected":false},"excerpt":{"rendered":"<p>Du betaler 50,- for at barnet ditt kan oppholde seg i Barneparken i opptil en time. Du betaler 50,- pr time pr barn.<\/p>\n<p>Max opphold pr gang er 2 timer.<\/p>\n<p>&nbsp;<\/p>\n<p><strong>OBS!<\/strong>\u00a0<em>Vi sender <strong>IKKE<\/strong> varer i posten<\/em>, dette er en lokal nettkiosk for F\u00f8nix treningssenter i Hamar.<\/p>\n","protected":false},"featured_media":1360,"template":"","meta":[],"product_cat":[51],"product_tag":[],"_links":{"self":[{"href":"https:\/\/shop.ektetreningsglede.no\/fonixccstadion\/wp-json\/wp\/v2\/product\/1359"}],"collection":[{"href":"https:\/\/shop.ektetreningsglede.no\/fonixccstadion\/wp-json\/wp\/v2\/product"}],"about":[{"href":"https:\/\/shop.ektetreningsglede.no\/fonixccstadion\/wp-json\/wp\/v2\/types\/product"}],"wp:featuredmedia":[{"embeddable":true,"href":"https:\/\/shop.ektetreningsglede.no\/fonixccstadion\/wp-json\/wp\/v2\/media\/1360"}],"wp:attachment":[{"href":"https:\/\/shop.ektetreningsglede.no\/fonixccstadion\/wp-json\/wp\/v2\/media?parent=1359"}],"wp:term":[{"taxonomy":"product_cat","embeddable":true,"href":"https:\/\/shop.ektetreningsglede.no\/fonixccstadion\/wp-json\/wp\/v2\/product_cat?post=1359"},{"taxonomy":"product_tag","embeddable":true,"href":"https:\/\/shop.ektetreningsglede.no\/fonixccstadion\/wp-json\/wp\/v2\/product_tag?post=1359"}],"curies":[{"name":"wp","href":"https:\/\/api.w.org\/{rel}","templated":true}]}}