{"id":221,"date":"2022-02-10T10:08:42","date_gmt":"2022-02-10T09:08:42","guid":{"rendered":"https:\/\/shop.ektetreningsglede.no\/fonixccstadion\/?post_type=product&#038;p=221"},"modified":"2022-10-13T09:30:18","modified_gmt":"2022-10-13T07:30:18","slug":"mm-protein-bar-chocolate","status":"publish","type":"product","link":"https:\/\/shop.ektetreningsglede.no\/fonixccstadion\/produkt\/mm-protein-bar-chocolate\/","title":{"rendered":"M&amp;M Protein Bar, Chocolate"},"content":{"rendered":"<p style=\"font-weight: 400\">&#8211; 15 gram protein<br \/>\n&#8211; Lav mengde sukker<br \/>\n&#8211; Lav mengde fett<br \/>\n&#8211; Fantastisk konsistens og smak<\/p>\n<p>Den velkjente og popul\u00e6r M&amp;M sjokoladen laget i en proteinberiket bar.<br \/>\nBestselgeren M&amp;M som bar er gode nyheter for deg som vil unne deg noe godt.<br \/>\nFull av smak, protein, og med fantastisk konsistens tilfredsstiller den b\u00e5de deg, og kroppens ern\u00e6ringsbehov uten un\u00f8dvendig sukker og fett.<\/p>\n<p>Nyt den fantastiske smaken av M&amp;M Protein Bar, mens du mater kroppen din med 15 gram protein av h\u00f8y kvalitet. Disse barene er perfekte for muskelbygging og reparasjon.<\/p>\n<p><b><strong>Doseringsforslag:<\/strong><\/b><br \/>\nTa en bar n\u00e5r du vil \u00f8ke proteininntaket eller bare unne deg noe som gj\u00f8r godt.<\/p>\n<p>&nbsp;<\/p>\n","protected":false},"excerpt":{"rendered":"<p><strong>OBS!<\/strong>\u00a0<em>Vi sender <strong>IKKE<\/strong> varer i posten<\/em>, dette er en lokal nettkiosk for F\u00f8nix treningssenter i Hamar.<\/p>\n","protected":false},"featured_media":222,"template":"","meta":[],"product_cat":[27],"product_tag":[],"_links":{"self":[{"href":"https:\/\/shop.ektetreningsglede.no\/fonixccstadion\/wp-json\/wp\/v2\/product\/221"}],"collection":[{"href":"https:\/\/shop.ektetreningsglede.no\/fonixccstadion\/wp-json\/wp\/v2\/product"}],"about":[{"href":"https:\/\/shop.ektetreningsglede.no\/fonixccstadion\/wp-json\/wp\/v2\/types\/product"}],"wp:featuredmedia":[{"embeddable":true,"href":"https:\/\/shop.ektetreningsglede.no\/fonixccstadion\/wp-json\/wp\/v2\/media\/222"}],"wp:attachment":[{"href":"https:\/\/shop.ektetreningsglede.no\/fonixccstadion\/wp-json\/wp\/v2\/media?parent=221"}],"wp:term":[{"taxonomy":"product_cat","embeddable":true,"href":"https:\/\/shop.ektetreningsglede.no\/fonixccstadion\/wp-json\/wp\/v2\/product_cat?post=221"},{"taxonomy":"product_tag","embeddable":true,"href":"https:\/\/shop.ektetreningsglede.no\/fonixccstadion\/wp-json\/wp\/v2\/product_tag?post=221"}],"curies":[{"name":"wp","href":"https:\/\/api.w.org\/{rel}","templated":true}]}}