{"id":2295,"date":"2023-12-03T19:34:54","date_gmt":"2023-12-03T18:34:54","guid":{"rendered":"https:\/\/shop.ektetreningsglede.no\/fonixccstadion\/?post_type=product&#038;p=2295"},"modified":"2024-11-08T16:51:46","modified_gmt":"2024-11-08T15:51:46","slug":"betaling-fonix-barnepass-medlemspris","status":"publish","type":"product","link":"https:\/\/shop.ektetreningsglede.no\/fonixccstadion\/produkt\/betaling-fonix-barnepass-medlemspris\/","title":{"rendered":"F\u00f8nix Barnepass pr time &#8211; Medlemspris"},"content":{"rendered":"<p>F\u00f8nix medlemmer som \u00f8nsker barnepass men ikke skal inn p\u00e5 senteret for \u00e5 trene, m\u00e5 betale halv times takst for \u00e5 bruke Barneparken. Times-taksten gjelder ved hver p\u00e5begynte klokketime.<\/p>\n<p>Times-taksten gjelder ved hver p\u00e5begynte klokketime.<\/p>\n<p>Times-taksten gjelder pr barn.<\/p>\n<p>Barn kan maks oppholde seg 2 timer i Barnepassen av gangen.<\/p>\n","protected":false},"excerpt":{"rendered":"<p>F\u00f8nix medlemmer som \u00f8nsker barnepass men ikke skal inn p\u00e5 senteret for \u00e5 trene, m\u00e5 betale halv times takst for \u00e5 bruke Barneparken.<\/p>\n<p>Times-taksten gjelder ved hver p\u00e5begynte klokketime.<\/p>\n<p>Times-taksten gjelder pr barn.<\/p>\n<p>Barn kan maks oppholde seg 2 timer i Barnepassen av gangen.<\/p>\n","protected":false},"featured_media":2299,"template":"","meta":[],"product_cat":[54,33],"product_tag":[56],"_links":{"self":[{"href":"https:\/\/shop.ektetreningsglede.no\/fonixccstadion\/wp-json\/wp\/v2\/product\/2295"}],"collection":[{"href":"https:\/\/shop.ektetreningsglede.no\/fonixccstadion\/wp-json\/wp\/v2\/product"}],"about":[{"href":"https:\/\/shop.ektetreningsglede.no\/fonixccstadion\/wp-json\/wp\/v2\/types\/product"}],"wp:featuredmedia":[{"embeddable":true,"href":"https:\/\/shop.ektetreningsglede.no\/fonixccstadion\/wp-json\/wp\/v2\/media\/2299"}],"wp:attachment":[{"href":"https:\/\/shop.ektetreningsglede.no\/fonixccstadion\/wp-json\/wp\/v2\/media?parent=2295"}],"wp:term":[{"taxonomy":"product_cat","embeddable":true,"href":"https:\/\/shop.ektetreningsglede.no\/fonixccstadion\/wp-json\/wp\/v2\/product_cat?post=2295"},{"taxonomy":"product_tag","embeddable":true,"href":"https:\/\/shop.ektetreningsglede.no\/fonixccstadion\/wp-json\/wp\/v2\/product_tag?post=2295"}],"curies":[{"name":"wp","href":"https:\/\/api.w.org\/{rel}","templated":true}]}}