{"id":2297,"date":"2023-12-03T19:38:51","date_gmt":"2023-12-03T18:38:51","guid":{"rendered":"https:\/\/shop.ektetreningsglede.no\/fonixccstadion\/?post_type=product&#038;p=2297"},"modified":"2024-11-08T16:51:39","modified_gmt":"2024-11-08T15:51:39","slug":"fonix-barnepass-ikke-medlemmer","status":"publish","type":"product","link":"https:\/\/shop.ektetreningsglede.no\/fonixccstadion\/produkt\/fonix-barnepass-ikke-medlemmer\/","title":{"rendered":"F\u00f8nix Barnepass pr time &#8211; ikke medlem"},"content":{"rendered":"<p>CC Hamar sine kj\u00f8pesenter-kunder som \u00f8nsker \u00e5 benytte seg av barnepass men ikke er medlem hos F\u00f8nix, m\u00e5 betale times takst for \u00e5 bruke Barneparken.<\/p>\n<p>Times-taksten gjelder ved hver p\u00e5begynte klokketime.<\/p>\n<p>Times-taksten gjelder pr barn.<\/p>\n<p>Barn kan maks oppholde seg 2 timer i Barnepassen av gangen.<\/p>\n","protected":false},"excerpt":{"rendered":"<p>CC Hamar sine kj\u00f8pesenter-kunder som \u00f8nsker \u00e5 benytte seg av barnepass men ikke er medlem hos F\u00f8nix, m\u00e5 betale times takst for \u00e5 bruke Barneparken.<\/p>\n<p>Times-taksten gjelder pr barn.<\/p>\n<p>Times-taksten gjelder ved hver p\u00e5begynte klokketime.<\/p>\n<p>Barn kan maks oppholde seg 2 timer i Barnepassen av gangen.<\/p>\n","protected":false},"featured_media":2300,"template":"","meta":[],"product_cat":[54,33],"product_tag":[56],"_links":{"self":[{"href":"https:\/\/shop.ektetreningsglede.no\/fonixccstadion\/wp-json\/wp\/v2\/product\/2297"}],"collection":[{"href":"https:\/\/shop.ektetreningsglede.no\/fonixccstadion\/wp-json\/wp\/v2\/product"}],"about":[{"href":"https:\/\/shop.ektetreningsglede.no\/fonixccstadion\/wp-json\/wp\/v2\/types\/product"}],"wp:featuredmedia":[{"embeddable":true,"href":"https:\/\/shop.ektetreningsglede.no\/fonixccstadion\/wp-json\/wp\/v2\/media\/2300"}],"wp:attachment":[{"href":"https:\/\/shop.ektetreningsglede.no\/fonixccstadion\/wp-json\/wp\/v2\/media?parent=2297"}],"wp:term":[{"taxonomy":"product_cat","embeddable":true,"href":"https:\/\/shop.ektetreningsglede.no\/fonixccstadion\/wp-json\/wp\/v2\/product_cat?post=2297"},{"taxonomy":"product_tag","embeddable":true,"href":"https:\/\/shop.ektetreningsglede.no\/fonixccstadion\/wp-json\/wp\/v2\/product_tag?post=2297"}],"curies":[{"name":"wp","href":"https:\/\/api.w.org\/{rel}","templated":true}]}}