{"id":236,"date":"2022-02-10T10:53:51","date_gmt":"2022-02-10T09:53:51","guid":{"rendered":"https:\/\/shop.ektetreningsglede.no\/fonixccstadion\/?post_type=product&#038;p=236"},"modified":"2022-10-13T09:27:59","modified_gmt":"2022-10-13T07:27:59","slug":"proteinpro-chips-bbq-paprika","status":"publish","type":"product","link":"https:\/\/shop.ektetreningsglede.no\/fonixccstadion\/produkt\/proteinpro-chips-bbq-paprika\/","title":{"rendered":"ProteinPro Chips &#8211; BBQ\/Paprika"},"content":{"rendered":"<ul>\n<li>Krispy og god<\/li>\n<li>40% mindre fett<\/li>\n<li>Hele 22% protein<\/li>\n<li>God kilde til fiber<\/li>\n<li>ProteinPro potetgull er deilige spr\u00f8 proteinproteiner og 40% mindre fett enn tradisjonelle chips, og de inneholder ogs\u00e5 mye fiber. Tatt i betraktning alle disse fordelene tilberedt med den utrolig gode og spr\u00f8 smaken, er det ikke n\u00f8dvendig \u00e5 ikke erstatte chips med ProteinPro!<\/li>\n<\/ul>\n","protected":false},"excerpt":{"rendered":"<p><strong>OBS!<\/strong>\u00a0<em>Vi sender\u00a0<strong>IKKE<\/strong>\u00a0varer i posten<\/em>, dette er en lokal nettkiosk for F\u00f8nix treningssenter i Hamar.<\/p>\n","protected":false},"featured_media":237,"template":"","meta":[],"product_cat":[30],"product_tag":[],"_links":{"self":[{"href":"https:\/\/shop.ektetreningsglede.no\/fonixccstadion\/wp-json\/wp\/v2\/product\/236"}],"collection":[{"href":"https:\/\/shop.ektetreningsglede.no\/fonixccstadion\/wp-json\/wp\/v2\/product"}],"about":[{"href":"https:\/\/shop.ektetreningsglede.no\/fonixccstadion\/wp-json\/wp\/v2\/types\/product"}],"wp:featuredmedia":[{"embeddable":true,"href":"https:\/\/shop.ektetreningsglede.no\/fonixccstadion\/wp-json\/wp\/v2\/media\/237"}],"wp:attachment":[{"href":"https:\/\/shop.ektetreningsglede.no\/fonixccstadion\/wp-json\/wp\/v2\/media?parent=236"}],"wp:term":[{"taxonomy":"product_cat","embeddable":true,"href":"https:\/\/shop.ektetreningsglede.no\/fonixccstadion\/wp-json\/wp\/v2\/product_cat?post=236"},{"taxonomy":"product_tag","embeddable":true,"href":"https:\/\/shop.ektetreningsglede.no\/fonixccstadion\/wp-json\/wp\/v2\/product_tag?post=236"}],"curies":[{"name":"wp","href":"https:\/\/api.w.org\/{rel}","templated":true}]}}