{"id":312,"date":"2022-02-11T18:59:48","date_gmt":"2022-02-11T17:59:48","guid":{"rendered":"https:\/\/shop.ektetreningsglede.no\/fonixccstadion\/?post_type=product&#038;p=312"},"modified":"2026-01-26T12:12:21","modified_gmt":"2026-01-26T11:12:21","slug":"yt-proteinshake-sjokolade","status":"publish","type":"product","link":"https:\/\/shop.ektetreningsglede.no\/fonixccstadion\/produkt\/yt-proteinshake-sjokolade\/","title":{"rendered":"YT Protein Shake Sjokolade"},"content":{"rendered":"<p class=\"preface\">YT\u00ae Proteinshake Sjokolade er perfekt n\u00e5r du \u00f8nsker et raskt lite m\u00e5ltid med mye proteiner i forbindelse med trening.<\/p>\n<div class=\"html-content\">\n<p>Rist proteinshaken og nyt en luftig drikk som er rik p\u00e5 proteiner og helt uten tilsatt sukker*. YT\u00ae Proteinshake er i tillegg laktosefri.<\/p>\n<p>*Med et naturlig innhold av sukker fra melk.<\/p>\n<\/div>\n","protected":false},"excerpt":{"rendered":"<p><strong>OBS!<\/strong>\u00a0<em>Vi sender\u00a0<strong>IKKE<\/strong>\u00a0varer i posten<\/em>, dette er en lokal nettkiosk for F\u00f8nix treningssenter i Hamar.<\/p>\n","protected":false},"featured_media":5483,"template":"","meta":[],"product_cat":[25],"product_tag":[],"_links":{"self":[{"href":"https:\/\/shop.ektetreningsglede.no\/fonixccstadion\/wp-json\/wp\/v2\/product\/312"}],"collection":[{"href":"https:\/\/shop.ektetreningsglede.no\/fonixccstadion\/wp-json\/wp\/v2\/product"}],"about":[{"href":"https:\/\/shop.ektetreningsglede.no\/fonixccstadion\/wp-json\/wp\/v2\/types\/product"}],"wp:featuredmedia":[{"embeddable":true,"href":"https:\/\/shop.ektetreningsglede.no\/fonixccstadion\/wp-json\/wp\/v2\/media\/5483"}],"wp:attachment":[{"href":"https:\/\/shop.ektetreningsglede.no\/fonixccstadion\/wp-json\/wp\/v2\/media?parent=312"}],"wp:term":[{"taxonomy":"product_cat","embeddable":true,"href":"https:\/\/shop.ektetreningsglede.no\/fonixccstadion\/wp-json\/wp\/v2\/product_cat?post=312"},{"taxonomy":"product_tag","embeddable":true,"href":"https:\/\/shop.ektetreningsglede.no\/fonixccstadion\/wp-json\/wp\/v2\/product_tag?post=312"}],"curies":[{"name":"wp","href":"https:\/\/api.w.org\/{rel}","templated":true}]}}