{"id":353,"date":"2022-03-04T14:22:33","date_gmt":"2022-03-04T13:22:33","guid":{"rendered":"https:\/\/shop.ektetreningsglede.no\/fonixccstadion\/?post_type=product&#038;p=353"},"modified":"2022-03-04T15:36:59","modified_gmt":"2022-03-04T14:36:59","slug":"propud-cashew-almond","status":"publish","type":"product","link":"https:\/\/shop.ektetreningsglede.no\/fonixccstadion\/produkt\/propud-cashew-almond\/","title":{"rendered":"ProPud Cashew Almond"},"content":{"rendered":"<p><strong>Cashew Almond<\/strong><\/p>\n<ul>\n<li>Ingen tilsatt sukker<\/li>\n<li>16g protein per bar<\/li>\n<li>Ingen palmeolje<\/li>\n<\/ul>\n<p>&nbsp;<\/p>\n<p><strong>Cashew Almond\u00a0<\/strong>&#8211; en n\u00f8tteaktig proteinbar med mandelsmak, str\u00f8dd med knasende cashewn\u00f8tter, og\u00a0toppet med kremet melkesjokolade.<br \/>\nEn enkel og deilig matbit som er lett \u00e5 kaste i treningsbaggen eller spise n\u00e5r du trenger litt ekstra energi.<br \/>\nProPud proteinbar gir kroppen din det den trenger!<\/p>\n","protected":false},"excerpt":{"rendered":"<p><strong>OBS!<\/strong>\u00a0<em>Vi sender\u00a0<strong>IKKE<\/strong>\u00a0varer i posten<\/em>, dette er en lokal nettkiosk for F\u00f8nix treningssenter i Hamar.<\/p>\n","protected":false},"featured_media":358,"template":"","meta":[],"product_cat":[27],"product_tag":[],"_links":{"self":[{"href":"https:\/\/shop.ektetreningsglede.no\/fonixccstadion\/wp-json\/wp\/v2\/product\/353"}],"collection":[{"href":"https:\/\/shop.ektetreningsglede.no\/fonixccstadion\/wp-json\/wp\/v2\/product"}],"about":[{"href":"https:\/\/shop.ektetreningsglede.no\/fonixccstadion\/wp-json\/wp\/v2\/types\/product"}],"wp:featuredmedia":[{"embeddable":true,"href":"https:\/\/shop.ektetreningsglede.no\/fonixccstadion\/wp-json\/wp\/v2\/media\/358"}],"wp:attachment":[{"href":"https:\/\/shop.ektetreningsglede.no\/fonixccstadion\/wp-json\/wp\/v2\/media?parent=353"}],"wp:term":[{"taxonomy":"product_cat","embeddable":true,"href":"https:\/\/shop.ektetreningsglede.no\/fonixccstadion\/wp-json\/wp\/v2\/product_cat?post=353"},{"taxonomy":"product_tag","embeddable":true,"href":"https:\/\/shop.ektetreningsglede.no\/fonixccstadion\/wp-json\/wp\/v2\/product_tag?post=353"}],"curies":[{"name":"wp","href":"https:\/\/api.w.org\/{rel}","templated":true}]}}