{"id":360,"date":"2022-03-04T15:42:43","date_gmt":"2022-03-04T14:42:43","guid":{"rendered":"https:\/\/shop.ektetreningsglede.no\/fonixccstadion\/?post_type=product&#038;p=360"},"modified":"2022-03-07T10:00:24","modified_gmt":"2022-03-07T09:00:24","slug":"live-pro-lifting-straps","status":"publish","type":"product","link":"https:\/\/shop.ektetreningsglede.no\/fonixccstadion\/produkt\/live-pro-lifting-straps\/","title":{"rendered":"LIVEPRO Lifting Straps"},"content":{"rendered":"<pre id=\"tw-target-text\" class=\"tw-data-text tw-text-large tw-ta\" data-placeholder=\"Oversettelse\"><span class=\"Y2IQFc\" lang=\"no\">Vekttreningsstropper kan hemme hard hud, redusere skader og effektivt beskytte hendene under trening. Den ene enden er viklet rundt h\u00e5ndleddet for \u00e5 danne en l\u00f8kke, og den andre enden er viklet rundt stangen for \u00e5 forbedre grepet og redusere spenningen p\u00e5 fingrene og h\u00e5ndleddet, slik at armene og brystet kan fokusere p\u00e5 vekttrening. Skumpolstringen til h\u00e5ndleddet er designet for \u00e5 passe tett, og gir b\u00e5de komfort og ekstra beskyttelse.<\/span><\/pre>\n","protected":false},"excerpt":{"rendered":"<p><strong>OBS!<\/strong>\u00a0<em>Vi sender\u00a0<strong>IKKE<\/strong>\u00a0varer i posten<\/em>, dette er en lokal nettkiosk for F\u00f8nix treningssenter i Hamar.<\/p>\n","protected":false},"featured_media":361,"template":"","meta":[],"product_cat":[50],"product_tag":[],"_links":{"self":[{"href":"https:\/\/shop.ektetreningsglede.no\/fonixccstadion\/wp-json\/wp\/v2\/product\/360"}],"collection":[{"href":"https:\/\/shop.ektetreningsglede.no\/fonixccstadion\/wp-json\/wp\/v2\/product"}],"about":[{"href":"https:\/\/shop.ektetreningsglede.no\/fonixccstadion\/wp-json\/wp\/v2\/types\/product"}],"wp:featuredmedia":[{"embeddable":true,"href":"https:\/\/shop.ektetreningsglede.no\/fonixccstadion\/wp-json\/wp\/v2\/media\/361"}],"wp:attachment":[{"href":"https:\/\/shop.ektetreningsglede.no\/fonixccstadion\/wp-json\/wp\/v2\/media?parent=360"}],"wp:term":[{"taxonomy":"product_cat","embeddable":true,"href":"https:\/\/shop.ektetreningsglede.no\/fonixccstadion\/wp-json\/wp\/v2\/product_cat?post=360"},{"taxonomy":"product_tag","embeddable":true,"href":"https:\/\/shop.ektetreningsglede.no\/fonixccstadion\/wp-json\/wp\/v2\/product_tag?post=360"}],"curies":[{"name":"wp","href":"https:\/\/api.w.org\/{rel}","templated":true}]}}