{"id":362,"date":"2022-03-04T15:48:02","date_gmt":"2022-03-04T14:48:02","guid":{"rendered":"https:\/\/shop.ektetreningsglede.no\/fonixccstadion\/?post_type=product&#038;p=362"},"modified":"2022-03-04T15:58:11","modified_gmt":"2022-03-04T14:58:11","slug":"massasjeball-lilla","status":"publish","type":"product","link":"https:\/\/shop.ektetreningsglede.no\/fonixccstadion\/produkt\/massasjeball-lilla\/","title":{"rendered":"LIVEPRO Massasjeball (LILLA)"},"content":{"rendered":"<pre id=\"tw-target-text\" class=\"tw-data-text tw-text-large tw-ta\" data-placeholder=\"Oversettelse\"><span class=\"Y2IQFc\" lang=\"no\">Muskelmassasjeballer er fantastiske for muskelmassasje i dyp vev, harde massasjeballer lindrer smerte og s\u00e5rhet i det hardeste kroppsvevet p\u00e5 nakke og kjeve, skuldre, hofter, underarmer, rygg, ben, baken, hender, kn\u00e6r og f\u00f8tter. Den stimulerer blodsirkulasjonen mens du ruller, noe som kan \u00f8ke mobiliteten og hjelpe til med \u00e5 komme seg raskere etter trenings\u00f8kter eller skader. Den kan b\u00e6res rundt i en treningsbag, ryggsekk og masseres n\u00e5r som helst, hvor som helst.<\/span><\/pre>\n","protected":false},"excerpt":{"rendered":"<p><strong>OBS!<\/strong>\u00a0<em>Vi sender\u00a0<strong>IKKE<\/strong>\u00a0varer i posten<\/em>, dette er en lokal nettkiosk for F\u00f8nix treningssenter i Hamar.<\/p>\n","protected":false},"featured_media":363,"template":"","meta":[],"product_cat":[50],"product_tag":[],"_links":{"self":[{"href":"https:\/\/shop.ektetreningsglede.no\/fonixccstadion\/wp-json\/wp\/v2\/product\/362"}],"collection":[{"href":"https:\/\/shop.ektetreningsglede.no\/fonixccstadion\/wp-json\/wp\/v2\/product"}],"about":[{"href":"https:\/\/shop.ektetreningsglede.no\/fonixccstadion\/wp-json\/wp\/v2\/types\/product"}],"wp:featuredmedia":[{"embeddable":true,"href":"https:\/\/shop.ektetreningsglede.no\/fonixccstadion\/wp-json\/wp\/v2\/media\/363"}],"wp:attachment":[{"href":"https:\/\/shop.ektetreningsglede.no\/fonixccstadion\/wp-json\/wp\/v2\/media?parent=362"}],"wp:term":[{"taxonomy":"product_cat","embeddable":true,"href":"https:\/\/shop.ektetreningsglede.no\/fonixccstadion\/wp-json\/wp\/v2\/product_cat?post=362"},{"taxonomy":"product_tag","embeddable":true,"href":"https:\/\/shop.ektetreningsglede.no\/fonixccstadion\/wp-json\/wp\/v2\/product_tag?post=362"}],"curies":[{"name":"wp","href":"https:\/\/api.w.org\/{rel}","templated":true}]}}