{"id":365,"date":"2022-03-04T15:52:31","date_gmt":"2022-03-04T14:52:31","guid":{"rendered":"https:\/\/shop.ektetreningsglede.no\/fonixccstadion\/?post_type=product&#038;p=365"},"modified":"2022-03-04T15:52:31","modified_gmt":"2022-03-04T14:52:31","slug":"livepro-deep-tissue-texture-massasjeballer-bla-gul","status":"publish","type":"product","link":"https:\/\/shop.ektetreningsglede.no\/fonixccstadion\/produkt\/livepro-deep-tissue-texture-massasjeballer-bla-gul\/","title":{"rendered":"LIVEPRO Deep Tissue Texture Massasjeballer (BL\u00c5 &amp; GUL)"},"content":{"rendered":"<pre id=\"tw-target-text\" class=\"tw-data-text tw-text-large tw-ta\" data-placeholder=\"Oversettelse\"><span class=\"Y2IQFc\" lang=\"no\">LIVEPRO Deep Tissue Texture Massasjeball er designet for massasje av f\u00f8ttene og andre sm\u00e5 muskelgrupper. Dens unike teksturerte overflate komprimerer og utvider fascien, og bidrar til \u00e5 stimulere sirkulasjonen mens den ruller, noe som kan \u00f8ke mobiliteten og hjelpe til med raskere restitusjon etter trening eller skade. Den dype vevskompresjonsmassasjen gitt av ballen er ideell for \u00e5 bidra til \u00e5 redusere smerter i de sm\u00e5 musklene i f\u00f8tter, legger og skuldre. Den kan b\u00e6res rundt i en treningsbag, ryggsekk og masseres hvor som helst, n\u00e5r som helst.<\/span><\/pre>\n","protected":false},"excerpt":{"rendered":"<p><strong>OBS!<\/strong>\u00a0<em>Vi sender\u00a0<strong>IKKE<\/strong>\u00a0varer i posten<\/em>, dette er en lokal nettkiosk for F\u00f8nix treningssenter i Hamar.<\/p>\n","protected":false},"featured_media":366,"template":"","meta":[],"product_cat":[50],"product_tag":[],"_links":{"self":[{"href":"https:\/\/shop.ektetreningsglede.no\/fonixccstadion\/wp-json\/wp\/v2\/product\/365"}],"collection":[{"href":"https:\/\/shop.ektetreningsglede.no\/fonixccstadion\/wp-json\/wp\/v2\/product"}],"about":[{"href":"https:\/\/shop.ektetreningsglede.no\/fonixccstadion\/wp-json\/wp\/v2\/types\/product"}],"wp:featuredmedia":[{"embeddable":true,"href":"https:\/\/shop.ektetreningsglede.no\/fonixccstadion\/wp-json\/wp\/v2\/media\/366"}],"wp:attachment":[{"href":"https:\/\/shop.ektetreningsglede.no\/fonixccstadion\/wp-json\/wp\/v2\/media?parent=365"}],"wp:term":[{"taxonomy":"product_cat","embeddable":true,"href":"https:\/\/shop.ektetreningsglede.no\/fonixccstadion\/wp-json\/wp\/v2\/product_cat?post=365"},{"taxonomy":"product_tag","embeddable":true,"href":"https:\/\/shop.ektetreningsglede.no\/fonixccstadion\/wp-json\/wp\/v2\/product_tag?post=365"}],"curies":[{"name":"wp","href":"https:\/\/api.w.org\/{rel}","templated":true}]}}