{"id":367,"date":"2022-03-04T15:57:03","date_gmt":"2022-03-04T14:57:03","guid":{"rendered":"https:\/\/shop.ektetreningsglede.no\/fonixccstadion\/?post_type=product&#038;p=367"},"modified":"2022-03-04T15:58:01","modified_gmt":"2022-03-04T14:58:01","slug":"live-pro-triggerball-stor-sort","status":"publish","type":"product","link":"https:\/\/shop.ektetreningsglede.no\/fonixccstadion\/produkt\/live-pro-triggerball-stor-sort\/","title":{"rendered":"LIVEPRO Triggerball (STOR SORT)"},"content":{"rendered":"<pre id=\"tw-target-text\" class=\"tw-data-text tw-text-large tw-ta\" data-placeholder=\"Oversettelse\"><span class=\"Y2IQFc\" lang=\"no\">LIVEPRO 12,5 cm store massasjeball er designet for \u00e5 massere store muskelgrupper. Den kombinerer en liten massasjeball med rulleteknologi med skumskaft, og dens unike tekstur p\u00e5 overflaten komprimerer og utvider fascien, og bidrar til \u00e5 stimulere sirkulasjonen mens den ruller, noe som kan \u00f8ke mobiliteten og hjelpe til med raskere restitusjon etter trening eller skade. Den dype vevskompresjonsmassasjen gitt av ballen er ideell for \u00e5 redusere smerter i hofte- og skuldermuskulaturen. Den kan legges i en treningsbag eller ryggsekk for \u00e5 b\u00e6re rundt og massere n\u00e5r som helst, hvor som helst.<\/span><\/pre>\n","protected":false},"excerpt":{"rendered":"<p><strong>OBS!<\/strong>\u00a0<em>Vi sender\u00a0<strong>IKKE<\/strong>\u00a0varer i posten<\/em>, dette er en lokal nettkiosk for F\u00f8nix treningssenter i Hamar.<\/p>\n","protected":false},"featured_media":368,"template":"","meta":[],"product_cat":[50],"product_tag":[],"_links":{"self":[{"href":"https:\/\/shop.ektetreningsglede.no\/fonixccstadion\/wp-json\/wp\/v2\/product\/367"}],"collection":[{"href":"https:\/\/shop.ektetreningsglede.no\/fonixccstadion\/wp-json\/wp\/v2\/product"}],"about":[{"href":"https:\/\/shop.ektetreningsglede.no\/fonixccstadion\/wp-json\/wp\/v2\/types\/product"}],"wp:featuredmedia":[{"embeddable":true,"href":"https:\/\/shop.ektetreningsglede.no\/fonixccstadion\/wp-json\/wp\/v2\/media\/368"}],"wp:attachment":[{"href":"https:\/\/shop.ektetreningsglede.no\/fonixccstadion\/wp-json\/wp\/v2\/media?parent=367"}],"wp:term":[{"taxonomy":"product_cat","embeddable":true,"href":"https:\/\/shop.ektetreningsglede.no\/fonixccstadion\/wp-json\/wp\/v2\/product_cat?post=367"},{"taxonomy":"product_tag","embeddable":true,"href":"https:\/\/shop.ektetreningsglede.no\/fonixccstadion\/wp-json\/wp\/v2\/product_tag?post=367"}],"curies":[{"name":"wp","href":"https:\/\/api.w.org\/{rel}","templated":true}]}}