{"id":372,"date":"2022-03-07T09:59:48","date_gmt":"2022-03-07T08:59:48","guid":{"rendered":"https:\/\/shop.ektetreningsglede.no\/fonixccstadion\/?post_type=product&#038;p=372"},"modified":"2022-03-07T10:11:12","modified_gmt":"2022-03-07T09:11:12","slug":"livepro-peanut-massasjeball","status":"publish","type":"product","link":"https:\/\/shop.ektetreningsglede.no\/fonixccstadion\/produkt\/livepro-peanut-massasjeball\/","title":{"rendered":"LIVEPRO Peanut Massasjeball"},"content":{"rendered":"<pre id=\"tw-target-text\" class=\"tw-data-text tw-text-large tw-ta\" data-placeholder=\"Oversettelse\"><span class=\"Y2IQFc\" lang=\"no\">Livepro Peanut Massasjeball er 14 cm lang og ergonomisk utformet i form av en pean\u00f8tt for \u00e5 sikte mot vanskelig tilgjengelige muskler i hele kroppen. Den er flott for store muskler som setemuskler, hamstrings og quads. Den unike doble ballen masserer opp og ned ryggraden uten \u00e5 legge ubehagelig press p\u00e5 ryggraden. Dens unike form er spesielt egnet for nakke og rygg, lindrer spenninger, slipper stramhet og lindrer smerte. Den kan legges i en treningsbag, ryggsekk for \u00e5 b\u00e6re rundt og massere n\u00e5r som helst, hvor som helst.\r\nFinnes i flere farger.<\/span><\/pre>\n","protected":false},"excerpt":{"rendered":"<p><strong>OBS!<\/strong>\u00a0<em>Vi sender\u00a0<strong>IKKE<\/strong>\u00a0varer i posten<\/em>, dette er en lokal nettkiosk for F\u00f8nix treningssenter i Hamar.<\/p>\n","protected":false},"featured_media":373,"template":"","meta":[],"product_cat":[50],"product_tag":[],"_links":{"self":[{"href":"https:\/\/shop.ektetreningsglede.no\/fonixccstadion\/wp-json\/wp\/v2\/product\/372"}],"collection":[{"href":"https:\/\/shop.ektetreningsglede.no\/fonixccstadion\/wp-json\/wp\/v2\/product"}],"about":[{"href":"https:\/\/shop.ektetreningsglede.no\/fonixccstadion\/wp-json\/wp\/v2\/types\/product"}],"wp:featuredmedia":[{"embeddable":true,"href":"https:\/\/shop.ektetreningsglede.no\/fonixccstadion\/wp-json\/wp\/v2\/media\/373"}],"wp:attachment":[{"href":"https:\/\/shop.ektetreningsglede.no\/fonixccstadion\/wp-json\/wp\/v2\/media?parent=372"}],"wp:term":[{"taxonomy":"product_cat","embeddable":true,"href":"https:\/\/shop.ektetreningsglede.no\/fonixccstadion\/wp-json\/wp\/v2\/product_cat?post=372"},{"taxonomy":"product_tag","embeddable":true,"href":"https:\/\/shop.ektetreningsglede.no\/fonixccstadion\/wp-json\/wp\/v2\/product_tag?post=372"}],"curies":[{"name":"wp","href":"https:\/\/api.w.org\/{rel}","templated":true}]}}