{"id":380,"date":"2022-03-07T10:53:16","date_gmt":"2022-03-07T09:53:16","guid":{"rendered":"https:\/\/shop.ektetreningsglede.no\/fonixccstadion\/?post_type=product&#038;p=380"},"modified":"2022-03-07T10:53:46","modified_gmt":"2022-03-07T09:53:46","slug":"livepro-super-band-medium-turkis","status":"publish","type":"product","link":"https:\/\/shop.ektetreningsglede.no\/fonixccstadion\/produkt\/livepro-super-band-medium-turkis\/","title":{"rendered":"LIVEPRO Super Band Medium (Turkis)"},"content":{"rendered":"<pre id=\"tw-target-text\" class=\"tw-data-text tw-text-large tw-ta\" data-placeholder=\"Oversettelse\"><span class=\"Y2IQFc\" lang=\"no\">Livepro Super Training Bands er tykke og designet spesielt for vekttrening og er sv\u00e6rt effektive for b\u00e5de over- og underkroppstrening for en rekke styrke-, hastighets-, fleksibilitets- og rehabiliterings\u00f8velser. Super Training Bands er flotte for \u00e5 hjelpe med pull-ups, sit- opp, og forbedre side- og foroverhastigheten med \u00f8velser som jogging, drag bak ryggen og utfall. Under vektl\u00f8fting tillater Super Training Band vekting av vektstang og \u00f8kt motstand mot \u00f8velser som benkpress, kneb\u00f8y og harde trekk .<\/span><\/pre>\n","protected":false},"excerpt":{"rendered":"<p><strong>OBS!<\/strong>\u00a0<em>Vi sender\u00a0<strong>IKKE<\/strong>\u00a0varer i posten<\/em>, dette er en lokal nettkiosk for F\u00f8nix treningssenter i Hamar.<\/p>\n","protected":false},"featured_media":381,"template":"","meta":[],"product_cat":[50],"product_tag":[],"_links":{"self":[{"href":"https:\/\/shop.ektetreningsglede.no\/fonixccstadion\/wp-json\/wp\/v2\/product\/380"}],"collection":[{"href":"https:\/\/shop.ektetreningsglede.no\/fonixccstadion\/wp-json\/wp\/v2\/product"}],"about":[{"href":"https:\/\/shop.ektetreningsglede.no\/fonixccstadion\/wp-json\/wp\/v2\/types\/product"}],"wp:featuredmedia":[{"embeddable":true,"href":"https:\/\/shop.ektetreningsglede.no\/fonixccstadion\/wp-json\/wp\/v2\/media\/381"}],"wp:attachment":[{"href":"https:\/\/shop.ektetreningsglede.no\/fonixccstadion\/wp-json\/wp\/v2\/media?parent=380"}],"wp:term":[{"taxonomy":"product_cat","embeddable":true,"href":"https:\/\/shop.ektetreningsglede.no\/fonixccstadion\/wp-json\/wp\/v2\/product_cat?post=380"},{"taxonomy":"product_tag","embeddable":true,"href":"https:\/\/shop.ektetreningsglede.no\/fonixccstadion\/wp-json\/wp\/v2\/product_tag?post=380"}],"curies":[{"name":"wp","href":"https:\/\/api.w.org\/{rel}","templated":true}]}}