{"id":386,"date":"2022-03-07T13:06:23","date_gmt":"2022-03-07T12:06:23","guid":{"rendered":"https:\/\/shop.ektetreningsglede.no\/fonixccstadion\/?post_type=product&#038;p=386"},"modified":"2022-03-07T13:06:23","modified_gmt":"2022-03-07T12:06:23","slug":"livepro-resistanceband-extra-light-gul","status":"publish","type":"product","link":"https:\/\/shop.ektetreningsglede.no\/fonixccstadion\/produkt\/livepro-resistanceband-extra-light-gul\/","title":{"rendered":"LIVEPRO Resistanceband Extra Light (Gul)"},"content":{"rendered":"<pre id=\"tw-target-text\" class=\"tw-data-text tw-text-large tw-ta\" data-placeholder=\"Oversettelse\"><span class=\"Y2IQFc\" lang=\"no\">Livepro Fitness Elastic Band er et allsidig utstyr som er ideelt for rehabilitering, pilatestrening og daglig gymnastikk, og kan brukes til \u00e5 trene praktisk talt alle muskler og ledd, bygge utholdenhet og styrke. Bandet er lett og b\u00e6rbart, slik at du kan trene hvor som helst, enten p\u00e5 kontoret eller underveis. 5 motstandsverdier er tilgjengelige, med forskjellige farger som markerer forskjellig motstand for enkel tilgang.<\/span><\/pre>\n","protected":false},"excerpt":{"rendered":"<p><strong>OBS!<\/strong>\u00a0<em>Vi sender\u00a0<strong>IKKE<\/strong>\u00a0varer i posten<\/em>, dette er en lokal nettkiosk for F\u00f8nix treningssenter i Hamar.<\/p>\n","protected":false},"featured_media":392,"template":"","meta":[],"product_cat":[50],"product_tag":[],"_links":{"self":[{"href":"https:\/\/shop.ektetreningsglede.no\/fonixccstadion\/wp-json\/wp\/v2\/product\/386"}],"collection":[{"href":"https:\/\/shop.ektetreningsglede.no\/fonixccstadion\/wp-json\/wp\/v2\/product"}],"about":[{"href":"https:\/\/shop.ektetreningsglede.no\/fonixccstadion\/wp-json\/wp\/v2\/types\/product"}],"wp:featuredmedia":[{"embeddable":true,"href":"https:\/\/shop.ektetreningsglede.no\/fonixccstadion\/wp-json\/wp\/v2\/media\/392"}],"wp:attachment":[{"href":"https:\/\/shop.ektetreningsglede.no\/fonixccstadion\/wp-json\/wp\/v2\/media?parent=386"}],"wp:term":[{"taxonomy":"product_cat","embeddable":true,"href":"https:\/\/shop.ektetreningsglede.no\/fonixccstadion\/wp-json\/wp\/v2\/product_cat?post=386"},{"taxonomy":"product_tag","embeddable":true,"href":"https:\/\/shop.ektetreningsglede.no\/fonixccstadion\/wp-json\/wp\/v2\/product_tag?post=386"}],"curies":[{"name":"wp","href":"https:\/\/api.w.org\/{rel}","templated":true}]}}