{"id":435,"date":"2022-03-31T09:04:47","date_gmt":"2022-03-31T07:04:47","guid":{"rendered":"https:\/\/shop.ektetreningsglede.no\/fonixccstadion\/?post_type=product&#038;p=435"},"modified":"2022-03-31T09:04:47","modified_gmt":"2022-03-31T07:04:47","slug":"nivea-kokos-dusjsape","status":"publish","type":"product","link":"https:\/\/shop.ektetreningsglede.no\/fonixccstadion\/produkt\/nivea-kokos-dusjsape\/","title":{"rendered":"NIVEA Kokos Dusjs\u00e5pe"},"content":{"rendered":"<p>NIVEA Creme Coconut Shower lar deg nyte det ultimate meg-\u00f8yeblikket hver dag. PH-hudbalansert formel med en deilig kokosn\u00f8tt-duft gleder sansene dine mens den naturlige jojobaoljen skjemmer bort huden din. Optimal pH-verdi for huden og biologisk nedbrytbar formula. P\u00e5f\u00f8r i dusjen og skyll av. F\u00e5 en deilig og myk hud med NIVEA Creme Coconut Shower.<\/p>\n","protected":false},"excerpt":{"rendered":"<p><strong>OBS!<\/strong>\u00a0<em>Vi sender\u00a0<strong>IKKE<\/strong>\u00a0varer i posten<\/em>, dette er en lokal nettkiosk for F\u00f8nix treningssenter i Hamar.<\/p>\n","protected":false},"featured_media":437,"template":"","meta":[],"product_cat":[51],"product_tag":[],"_links":{"self":[{"href":"https:\/\/shop.ektetreningsglede.no\/fonixccstadion\/wp-json\/wp\/v2\/product\/435"}],"collection":[{"href":"https:\/\/shop.ektetreningsglede.no\/fonixccstadion\/wp-json\/wp\/v2\/product"}],"about":[{"href":"https:\/\/shop.ektetreningsglede.no\/fonixccstadion\/wp-json\/wp\/v2\/types\/product"}],"wp:featuredmedia":[{"embeddable":true,"href":"https:\/\/shop.ektetreningsglede.no\/fonixccstadion\/wp-json\/wp\/v2\/media\/437"}],"wp:attachment":[{"href":"https:\/\/shop.ektetreningsglede.no\/fonixccstadion\/wp-json\/wp\/v2\/media?parent=435"}],"wp:term":[{"taxonomy":"product_cat","embeddable":true,"href":"https:\/\/shop.ektetreningsglede.no\/fonixccstadion\/wp-json\/wp\/v2\/product_cat?post=435"},{"taxonomy":"product_tag","embeddable":true,"href":"https:\/\/shop.ektetreningsglede.no\/fonixccstadion\/wp-json\/wp\/v2\/product_tag?post=435"}],"curies":[{"name":"wp","href":"https:\/\/api.w.org\/{rel}","templated":true}]}}