{"id":441,"date":"2022-03-31T09:12:32","date_gmt":"2022-03-31T07:12:32","guid":{"rendered":"https:\/\/shop.ektetreningsglede.no\/fonixccstadion\/?post_type=product&#038;p=441"},"modified":"2022-03-31T09:12:33","modified_gmt":"2022-03-31T07:12:33","slug":"batiste-dryshampo-cherry","status":"publish","type":"product","link":"https:\/\/shop.ektetreningsglede.no\/fonixccstadion\/produkt\/batiste-dryshampo-cherry\/","title":{"rendered":"BATISTE DryShampo Cherry"},"content":{"rendered":"<p>Batiste On The Go Dry Shampoo Cherry 50 ml er en t\u00f8rr sjampo som f\u00e5r h\u00e5ret til \u00e5 se ultra rent ut p\u00e5 en super rask og enkel m\u00e5te. Den fjerner overfl\u00f8dig fett fra h\u00e5ret p\u00e5 bare sekunder. Batiste t\u00f8rrsjampo gir ogs\u00e5 h\u00e5ret en fin glans, volum og en nydelig kirseb\u00e6rduft. Den er perfekt \u00e5 ha med i vesken, slik at du alltid kan oppdatere stilen din. For fett h\u00e5r.<\/p>\n","protected":false},"excerpt":{"rendered":"<p><strong>OBS!<\/strong>\u00a0<em>Vi sender\u00a0<strong>IKKE<\/strong>\u00a0varer i posten<\/em>, dette er en lokal nettkiosk for F\u00f8nix treningssenter i Hamar.<\/p>\n","protected":false},"featured_media":422,"template":"","meta":[],"product_cat":[51],"product_tag":[],"_links":{"self":[{"href":"https:\/\/shop.ektetreningsglede.no\/fonixccstadion\/wp-json\/wp\/v2\/product\/441"}],"collection":[{"href":"https:\/\/shop.ektetreningsglede.no\/fonixccstadion\/wp-json\/wp\/v2\/product"}],"about":[{"href":"https:\/\/shop.ektetreningsglede.no\/fonixccstadion\/wp-json\/wp\/v2\/types\/product"}],"wp:featuredmedia":[{"embeddable":true,"href":"https:\/\/shop.ektetreningsglede.no\/fonixccstadion\/wp-json\/wp\/v2\/media\/422"}],"wp:attachment":[{"href":"https:\/\/shop.ektetreningsglede.no\/fonixccstadion\/wp-json\/wp\/v2\/media?parent=441"}],"wp:term":[{"taxonomy":"product_cat","embeddable":true,"href":"https:\/\/shop.ektetreningsglede.no\/fonixccstadion\/wp-json\/wp\/v2\/product_cat?post=441"},{"taxonomy":"product_tag","embeddable":true,"href":"https:\/\/shop.ektetreningsglede.no\/fonixccstadion\/wp-json\/wp\/v2\/product_tag?post=441"}],"curies":[{"name":"wp","href":"https:\/\/api.w.org\/{rel}","templated":true}]}}