{"id":442,"date":"2022-03-31T09:14:59","date_gmt":"2022-03-31T07:14:59","guid":{"rendered":"https:\/\/shop.ektetreningsglede.no\/fonixccstadion\/?post_type=product&#038;p=442"},"modified":"2022-03-31T09:14:59","modified_gmt":"2022-03-31T07:14:59","slug":"batiste-dryshampo-tropical","status":"publish","type":"product","link":"https:\/\/shop.ektetreningsglede.no\/fonixccstadion\/produkt\/batiste-dryshampo-tropical\/","title":{"rendered":"BATISTE DryShampo Tropical"},"content":{"rendered":"<p>Batiste Tropical minner om sommeren med sin tropiske, kokoslignende duft.<\/p>\n<p>Batiste t\u00f8rrsjampo er den raske m\u00e5ten \u00e5 friske opp h\u00e5ret p\u00e5, og dermed noe alle jenter burde v\u00e6re i besittelse av! Med Batiste t\u00f8rrsjampo fjerner du urenheter, fett og gamle produktrester samtidig som du gir h\u00e5ret en frisk duft.<\/p>\n<p>Batiste er perfekt \u00e5 bruke mellom jobb og fritid, p\u00e5 hytta, n\u00e5r du er ute og reiser, eller bare har en travel morgen. Produktene gir glans, volum, duft og hold p\u00e5 bare noen f\u00e5 minutter.<\/p>\n<p>Bruk Batiste de dagene du velger \u00e5 ikke vaske h\u00e5ret. Hold flasken ca 20 cm. fra hodebunnen, spray inn i r\u00f8ttene og masser produktet godt inn med fingertuppene. Avslutt med \u00e5 b\u00f8rste og style h\u00e5ret.<\/p>\n","protected":false},"excerpt":{"rendered":"<p><strong>OBS!<\/strong>\u00a0<em>Vi sender\u00a0<strong>IKKE<\/strong>\u00a0varer i posten<\/em>, dette er en lokal nettkiosk for F\u00f8nix treningssenter i Hamar.<\/p>\n","protected":false},"featured_media":423,"template":"","meta":[],"product_cat":[51],"product_tag":[],"_links":{"self":[{"href":"https:\/\/shop.ektetreningsglede.no\/fonixccstadion\/wp-json\/wp\/v2\/product\/442"}],"collection":[{"href":"https:\/\/shop.ektetreningsglede.no\/fonixccstadion\/wp-json\/wp\/v2\/product"}],"about":[{"href":"https:\/\/shop.ektetreningsglede.no\/fonixccstadion\/wp-json\/wp\/v2\/types\/product"}],"wp:featuredmedia":[{"embeddable":true,"href":"https:\/\/shop.ektetreningsglede.no\/fonixccstadion\/wp-json\/wp\/v2\/media\/423"}],"wp:attachment":[{"href":"https:\/\/shop.ektetreningsglede.no\/fonixccstadion\/wp-json\/wp\/v2\/media?parent=442"}],"wp:term":[{"taxonomy":"product_cat","embeddable":true,"href":"https:\/\/shop.ektetreningsglede.no\/fonixccstadion\/wp-json\/wp\/v2\/product_cat?post=442"},{"taxonomy":"product_tag","embeddable":true,"href":"https:\/\/shop.ektetreningsglede.no\/fonixccstadion\/wp-json\/wp\/v2\/product_tag?post=442"}],"curies":[{"name":"wp","href":"https:\/\/api.w.org\/{rel}","templated":true}]}}