{"id":458,"date":"2022-03-31T11:21:24","date_gmt":"2022-03-31T09:21:24","guid":{"rendered":"https:\/\/shop.ektetreningsglede.no\/fonixccstadion\/?post_type=product&#038;p=458"},"modified":"2022-05-05T09:50:41","modified_gmt":"2022-05-05T07:50:41","slug":"creightons-balsam-creme-de-coconut-keratin","status":"publish","type":"product","link":"https:\/\/shop.ektetreningsglede.no\/fonixccstadion\/produkt\/creightons-balsam-creme-de-coconut-keratin\/","title":{"rendered":"Creightons BALSAM Cr\u00e8me de Coconut &amp; Keratin"},"content":{"rendered":"<p>Cr\u00e8me de Coconut &amp; Keratin er en serie med sjampo og balsam som inneholder kokosmelk og keratin som styrker, fukter og pleier h\u00e5ret. Produktene rengj\u00f8r h\u00e5ret sk\u00e5nsomt og tilf\u00f8rer n\u00e6ring til h\u00e5ret med E-vitamin.<\/p>\n<p><strong>Bruk:\u00a0<\/strong>P\u00e5f\u00f8r en liten mengde sjampo i h\u00e5ndflaten og masser deretter sk\u00e5nsomt i fuktet h\u00e5r. Skyll godt ut med lunkent vann.<\/p>\n","protected":false},"excerpt":{"rendered":"<p><strong>OBS!<\/strong>\u00a0<em>Vi sender\u00a0<strong>IKKE<\/strong>\u00a0varer i posten<\/em>, dette er en lokal nettkiosk for F\u00f8nix treningssenter i Hamar.<\/p>\n","protected":false},"featured_media":424,"template":"","meta":[],"product_cat":[51],"product_tag":[],"_links":{"self":[{"href":"https:\/\/shop.ektetreningsglede.no\/fonixccstadion\/wp-json\/wp\/v2\/product\/458"}],"collection":[{"href":"https:\/\/shop.ektetreningsglede.no\/fonixccstadion\/wp-json\/wp\/v2\/product"}],"about":[{"href":"https:\/\/shop.ektetreningsglede.no\/fonixccstadion\/wp-json\/wp\/v2\/types\/product"}],"wp:featuredmedia":[{"embeddable":true,"href":"https:\/\/shop.ektetreningsglede.no\/fonixccstadion\/wp-json\/wp\/v2\/media\/424"}],"wp:attachment":[{"href":"https:\/\/shop.ektetreningsglede.no\/fonixccstadion\/wp-json\/wp\/v2\/media?parent=458"}],"wp:term":[{"taxonomy":"product_cat","embeddable":true,"href":"https:\/\/shop.ektetreningsglede.no\/fonixccstadion\/wp-json\/wp\/v2\/product_cat?post=458"},{"taxonomy":"product_tag","embeddable":true,"href":"https:\/\/shop.ektetreningsglede.no\/fonixccstadion\/wp-json\/wp\/v2\/product_tag?post=458"}],"curies":[{"name":"wp","href":"https:\/\/api.w.org\/{rel}","templated":true}]}}