{"id":5910,"date":"2026-01-26T12:31:28","date_gmt":"2026-01-26T11:31:28","guid":{"rendered":"https:\/\/shop.ektetreningsglede.no\/fonixccstadion\/?post_type=product&#038;p=5910"},"modified":"2026-01-26T12:48:59","modified_gmt":"2026-01-26T11:48:59","slug":"pure-bar-zer-choco-banana","status":"publish","type":"product","link":"https:\/\/shop.ektetreningsglede.no\/fonixccstadion\/produkt\/pure-bar-zer-choco-banana\/","title":{"rendered":"Pure bar ZERO &#8211; Choco banana"},"content":{"rendered":"<p data-start=\"114\" data-end=\"172\"><strong data-start=\"114\" data-end=\"172\">Pure Bar ZERO Premium \u2013 proteinbar uten tilsatt sukker<\/strong><\/p>\n<p data-start=\"174\" data-end=\"379\">Pure Bar ZERO Premium er en proteinbar med 30 % protein fra tre ulike proteinkilder. Den er trukket med sukkerfri m\u00f8rk sjokolade og passer like godt etter trening som til et raskt mellomm\u00e5ltid i hverdagen.<\/p>\n<p data-start=\"381\" data-end=\"624\">Baren inneholder under 0,5 g sukker per stykk og er fri for palmeolje, GMO, gluten og n\u00f8tter. Uten konserveringsmidler og med et h\u00f8yt proteininnhold er dette et praktisk valg for deg som \u00f8nsker et proteinrikt alternativ med lavt sukkerinnhold.<\/p>\n<p data-start=\"626\" data-end=\"646\"><strong data-start=\"626\" data-end=\"646\">Kort oppsummert:<\/strong><\/p>\n<ul data-start=\"647\" data-end=\"893\">\n<li data-start=\"647\" data-end=\"685\">\n<p data-start=\"649\" data-end=\"685\">30 % protein fra tre proteinkilder<\/p>\n<\/li>\n<li data-start=\"686\" data-end=\"716\">\n<p data-start=\"688\" data-end=\"716\">Under 0,5 g sukker per bar<\/p>\n<\/li>\n<li data-start=\"717\" data-end=\"761\">\n<p data-start=\"719\" data-end=\"761\">Overtrukket med sukkerfri m\u00f8rk sjokolade<\/p>\n<\/li>\n<li data-start=\"762\" data-end=\"787\">\n<p data-start=\"764\" data-end=\"787\">Uten palmeolje og GMO<\/p>\n<\/li>\n<li data-start=\"788\" data-end=\"816\">\n<p data-start=\"790\" data-end=\"816\">Fri for gluten og n\u00f8tter<\/p>\n<\/li>\n<li data-start=\"817\" data-end=\"845\">\n<p data-start=\"819\" data-end=\"845\">Uten konserveringsmidler<\/p>\n<\/li>\n<li data-start=\"846\" data-end=\"893\">\n<p data-start=\"848\" data-end=\"893\">Passer etter trening eller som mellomm\u00e5ltid<\/p>\n<\/li>\n<\/ul>\n","protected":false},"excerpt":{"rendered":"<p><strong>OBS!<\/strong>\u00a0<em>Vi sender <strong>IKKE<\/strong> varer i posten<\/em>, dette er en lokal nettkiosk for F\u00f8nix treningssenter i Hamar.<\/p>\n","protected":false},"featured_media":5911,"template":"","meta":[],"product_cat":[39,27],"product_tag":[],"_links":{"self":[{"href":"https:\/\/shop.ektetreningsglede.no\/fonixccstadion\/wp-json\/wp\/v2\/product\/5910"}],"collection":[{"href":"https:\/\/shop.ektetreningsglede.no\/fonixccstadion\/wp-json\/wp\/v2\/product"}],"about":[{"href":"https:\/\/shop.ektetreningsglede.no\/fonixccstadion\/wp-json\/wp\/v2\/types\/product"}],"wp:featuredmedia":[{"embeddable":true,"href":"https:\/\/shop.ektetreningsglede.no\/fonixccstadion\/wp-json\/wp\/v2\/media\/5911"}],"wp:attachment":[{"href":"https:\/\/shop.ektetreningsglede.no\/fonixccstadion\/wp-json\/wp\/v2\/media?parent=5910"}],"wp:term":[{"taxonomy":"product_cat","embeddable":true,"href":"https:\/\/shop.ektetreningsglede.no\/fonixccstadion\/wp-json\/wp\/v2\/product_cat?post=5910"},{"taxonomy":"product_tag","embeddable":true,"href":"https:\/\/shop.ektetreningsglede.no\/fonixccstadion\/wp-json\/wp\/v2\/product_tag?post=5910"}],"curies":[{"name":"wp","href":"https:\/\/api.w.org\/{rel}","templated":true}]}}